{"id":5,"date":"2020-08-25T21:03:51","date_gmt":"2020-08-25T21:03:51","guid":{"rendered":"http:\/\/localhost\/web\/sustentavid\/?page_id=5"},"modified":"2025-06-04T00:10:55","modified_gmt":"2025-06-03T22:10:55","slug":"inicio","status":"publish","type":"page","link":"https:\/\/qa.garage71.cl\/sustainable\/","title":{"rendered":"Inicio"},"content":{"rendered":"\n<h1 class=\"wp-block-heading\">C\u00d3DIGO DE <em>SUSTENTABILIDAD<\/em> DEL SECTOR <em>VITIVIN\u00cdCOLA CHILENO<\/em><\/h1>\n\n\n\n<p>Estamos comprometidos con la innovaci\u00f3n asociativa y el desarrollo sostenible de Chile. Te invitamos a conocer m\u00e1s sobre esta importante certificaci\u00f3n de las vi\u00f1as chilenas. <\/p>\n\n\n\n<p class=\"btn-block\"><a href=\"https:\/\/qa.garage71.cl\/sustainable\/programa-de-certificacion\" data-type=\"internal\" data-id=\"#programa-de-certificacion\">Conoce m\u00e1s<\/a><\/p>\n","protected":false},"excerpt":{"rendered":"<p>C\u00d3DIGO DE SUSTENTABILIDAD DEL SECTOR VITIVIN\u00cdCOLA CHILENO Estamos comprometidos con la innovaci\u00f3n asociativa y el desarrollo sostenible de Chile. Te invitamos a conocer m\u00e1s sobre esta importante certificaci\u00f3n de las vi\u00f1as chilenas. Conoce m\u00e1s<\/p>\n","protected":false},"author":1,"featured_media":0,"parent":0,"menu_order":0,"comment_status":"closed","ping_status":"closed","template":"page-inicio.php","meta":{"_acf_changed":false,"inline_featured_image":false,"footnotes":""},"acf":[],"_links":{"self":[{"href":"https:\/\/qa.garage71.cl\/sustainable\/wp-json\/wp\/v2\/pages\/5"}],"collection":[{"href":"https:\/\/qa.garage71.cl\/sustainable\/wp-json\/wp\/v2\/pages"}],"about":[{"href":"https:\/\/qa.garage71.cl\/sustainable\/wp-json\/wp\/v2\/types\/page"}],"author":[{"embeddable":true,"href":"https:\/\/qa.garage71.cl\/sustainable\/wp-json\/wp\/v2\/users\/1"}],"replies":[{"embeddable":true,"href":"https:\/\/qa.garage71.cl\/sustainable\/wp-json\/wp\/v2\/comments?post=5"}],"version-history":[{"count":119,"href":"https:\/\/qa.garage71.cl\/sustainable\/wp-json\/wp\/v2\/pages\/5\/revisions"}],"predecessor-version":[{"id":2169,"href":"https:\/\/qa.garage71.cl\/sustainable\/wp-json\/wp\/v2\/pages\/5\/revisions\/2169"}],"wp:attachment":[{"href":"https:\/\/qa.garage71.cl\/sustainable\/wp-json\/wp\/v2\/media?parent=5"}],"curies":[{"name":"wp","href":"https:\/\/api.w.org\/{rel}","templated":true}]}}