{"id":1671,"date":"2024-03-18T19:42:18","date_gmt":"2024-03-18T18:42:18","guid":{"rendered":"https:\/\/qa.garage71.cl\/sustainable\/?page_id=1671"},"modified":"2024-12-04T21:18:23","modified_gmt":"2024-12-04T20:18:23","slug":"area-morada","status":"publish","type":"page","link":"https:\/\/qa.garage71.cl\/sustainable\/en\/areas-del-codigo\/area-morada\/","title":{"rendered":"\u00c1rea Morada"},"content":{"rendered":"<nav class=\"wp-block-navigation is-layout-flex wp-block-navigation-is-layout-flex\" aria-label=\"Navegaci\u00f3n\"><ul class=\"wp-block-navigation__container  wp-block-navigation\"><li class=\" wp-block-navigation-item wp-block-navigation-link\"><a class=\"wp-block-navigation-item__content\"  href=\"https:\/\/www.sustainable.cl\/areas-del-codigo\/area-verde\/\"><span class=\"wp-block-navigation-item__label\">\u00c1rea Verde<\/span><\/a><\/li><li class=\" wp-block-navigation-item wp-block-navigation-link\"><a class=\"wp-block-navigation-item__content\"  href=\"https:\/\/www.sustainable.cl\/areas-del-codigo\/area-roja\/\"><span class=\"wp-block-navigation-item__label\">\u00c1rea Roja<\/span><\/a><\/li><li class=\" wp-block-navigation-item wp-block-navigation-link\"><a class=\"wp-block-navigation-item__content\"  href=\"https:\/\/www.sustainable.cl\/areas-del-codigo\/area-naranja\/\"><span class=\"wp-block-navigation-item__label\">\u00c1rea Naranja<\/span><\/a><\/li><li class=\" wp-block-navigation-item wp-block-navigation-link\"><a class=\"wp-block-navigation-item__content\"  href=\"https:\/\/www.sustainable.cl\/areas-del-codigo\/area-morada\/\"><span class=\"wp-block-navigation-item__label\">\u00c1rea Morada<\/span><\/a><\/li><\/ul><\/nav>\n\n\n<div class=\"wp-block-columns is-layout-flex wp-container-core-columns-layout-1 wp-block-columns-is-layout-flex\">\n<div class=\"wp-block-column cabecera is-layout-flow wp-block-column-is-layout-flow\" style=\"flex-basis:66.66%\">\n<h2 class=\"wp-block-heading has-text-align-right\">Enoturismo Sustentable<\/h2>\n\n\n\n<p class=\"has-text-align-right\">\u00c1rea que se implementa en el lugar f\u00edsico de la empresa donde se desarrollan las actividades enotur\u00edsticas, que est\u00e9n dentro de las instalaciones de la vi\u00f1a. Se certifica de manera independiente o en conjunto con las otras tres \u00e1reas y es voluntaria.<\/p>\n<\/div>\n\n\n\n<div class=\"wp-block-column is-layout-flow wp-block-column-is-layout-flow\" style=\"flex-basis:33.33%\">\n<figure class=\"wp-block-image size-full marco-der\"><img loading=\"lazy\" decoding=\"async\" width=\"348\" height=\"400\" src=\"https:\/\/qa.garage71.cl\/sustainable\/wp-content\/uploads\/2024\/03\/shutterstock_1055695652-1.jpg\" alt=\"\" class=\"wp-image-1701\" srcset=\"https:\/\/qa.garage71.cl\/sustainable\/wp-content\/uploads\/2024\/03\/shutterstock_1055695652-1.jpg 348w, https:\/\/qa.garage71.cl\/sustainable\/wp-content\/uploads\/2024\/03\/shutterstock_1055695652-1-261x300.jpg 261w\" sizes=\"(max-width: 348px) 100vw, 348px\" \/><\/figure>\n<\/div>\n<\/div>\n","protected":false},"excerpt":{"rendered":"<p>Enoturismo Sustentable \u00c1rea que se implementa en el lugar f\u00edsico de la empresa donde se desarrollan las actividades enotur\u00edsticas, que est\u00e9n dentro de las instalaciones de la vi\u00f1a. Se certifica de manera independiente o en conjunto con las otras tres \u00e1reas y es voluntaria.<\/p>\n","protected":false},"author":1,"featured_media":0,"parent":1329,"menu_order":0,"comment_status":"closed","ping_status":"closed","template":"page-areas.php","meta":{"_acf_changed":false,"inline_featured_image":false,"footnotes":""},"acf":[],"_links":{"self":[{"href":"https:\/\/qa.garage71.cl\/sustainable\/en\/wp-json\/wp\/v2\/pages\/1671"}],"collection":[{"href":"https:\/\/qa.garage71.cl\/sustainable\/en\/wp-json\/wp\/v2\/pages"}],"about":[{"href":"https:\/\/qa.garage71.cl\/sustainable\/en\/wp-json\/wp\/v2\/types\/page"}],"author":[{"embeddable":true,"href":"https:\/\/qa.garage71.cl\/sustainable\/en\/wp-json\/wp\/v2\/users\/1"}],"replies":[{"embeddable":true,"href":"https:\/\/qa.garage71.cl\/sustainable\/en\/wp-json\/wp\/v2\/comments?post=1671"}],"version-history":[{"count":6,"href":"https:\/\/qa.garage71.cl\/sustainable\/en\/wp-json\/wp\/v2\/pages\/1671\/revisions"}],"predecessor-version":[{"id":2120,"href":"https:\/\/qa.garage71.cl\/sustainable\/en\/wp-json\/wp\/v2\/pages\/1671\/revisions\/2120"}],"up":[{"embeddable":true,"href":"https:\/\/qa.garage71.cl\/sustainable\/en\/wp-json\/wp\/v2\/pages\/1329"}],"wp:attachment":[{"href":"https:\/\/qa.garage71.cl\/sustainable\/en\/wp-json\/wp\/v2\/media?parent=1671"}],"curies":[{"name":"wp","href":"https:\/\/api.w.org\/{rel}","templated":true}]}}