{"id":1365,"date":"2024-02-10T16:54:07","date_gmt":"2024-02-10T15:54:07","guid":{"rendered":"https:\/\/qa.garage71.cl\/sustainable\/?page_id=1365"},"modified":"2024-02-15T02:05:14","modified_gmt":"2024-02-15T01:05:14","slug":"suelo-aire-y-agua-2","status":"publish","type":"page","link":"https:\/\/qa.garage71.cl\/sustainable\/en\/nuestros-pilares\/suelo-aire-y-agua-2\/","title":{"rendered":"Suelo, aire y agua"},"content":{"rendered":"<nav class=\"wp-block-navigation is-layout-flex wp-block-navigation-is-layout-flex\" aria-label=\"Nuestros pilares\"><ul class=\"wp-block-navigation__container  wp-block-navigation\"><li class=\" wp-block-navigation-item wp-block-navigation-link\"><a class=\"wp-block-navigation-item__content\"  href=\"https:\/\/www.sustainable.cl\/nuestros-pilares\/gobernanza\/\"><span class=\"wp-block-navigation-item__label\">Governance<\/span><\/a><\/li><li class=\" wp-block-navigation-item wp-block-navigation-link\"><a class=\"wp-block-navigation-item__content\"  href=\"https:\/\/www.sustainable.cl\/nuestros-pilares\/trabajadores-y-comunidades\/\"><span class=\"wp-block-navigation-item__label\">Workers and Communities<\/span><\/a><\/li><li class=\" wp-block-navigation-item wp-block-navigation-link\"><a class=\"wp-block-navigation-item__content\"  href=\"https:\/\/www.sustainable.cl\/nuestros-pilares\/consumidores\/\"><span class=\"wp-block-navigation-item__label\">Consumers<\/span><\/a><\/li><li class=\" wp-block-navigation-item wp-block-navigation-link\"><a class=\"wp-block-navigation-item__content\"  href=\"https:\/\/www.sustainable.cl\/nuestros-pilares\/biodiversidad\/\"><span class=\"wp-block-navigation-item__label\">Biodiversity<\/span><\/a><\/li><li class=\" wp-block-navigation-item wp-block-navigation-link\"><a class=\"wp-block-navigation-item__content\"  href=\"https:\/\/www.sustainable.cl\/nuestros-pilares\/cambio-climatico\/\"><span class=\"wp-block-navigation-item__label\">Climate Change<\/span><\/a><\/li><li class=\" wp-block-navigation-item wp-block-navigation-link\"><a class=\"wp-block-navigation-item__content\"  href=\"https:\/\/qa.garage71.cl\/sustainable\/nuestros-pilares\/suelo-aire-y-agua-2\/\"><span class=\"wp-block-navigation-item__label\">Soil, Air and Water<\/span><\/a><\/li><\/ul><\/nav>\n\n\n<div class=\"wp-block-columns is-layout-flex wp-container-core-columns-layout-1 wp-block-columns-is-layout-flex\">\n<div class=\"wp-block-column is-layout-flow wp-block-column-is-layout-flow\" style=\"flex-basis:66.66%\">\n<h2 class=\"wp-block-heading\">Suelo, Aire y Agua<\/h2>\n\n\n\n<p>Son recursos fundamentales para la vida, y por lo tanto, se deben proteger y utilizar responsablemente. Para ello se requiere una mirada amplia, que, junto con considerar los trabajos en vi\u00f1edos y sitios de producci\u00f3n, tambi\u00e9n abarque los potenciales impactos a nivel territorial y en comunidades cercanas.<\/p>\n<\/div>\n\n\n\n<div class=\"wp-block-column is-layout-flow wp-block-column-is-layout-flow\" style=\"flex-basis:33.33%\">\n<figure class=\"wp-block-image size-full\"><img loading=\"lazy\" decoding=\"async\" width=\"202\" height=\"225\" src=\"https:\/\/qa.garage71.cl\/sustainable\/wp-content\/uploads\/2024\/02\/Suelo-aire-y-agua.png\" alt=\"\" class=\"wp-image-1352\"\/><\/figure>\n<\/div>\n<\/div>\n","protected":false},"excerpt":{"rendered":"<p>Suelo, Aire y Agua Son recursos fundamentales para la vida, y por lo tanto, se deben proteger y utilizar responsablemente. Para ello se requiere una mirada amplia, que, junto con considerar los trabajos en vi\u00f1edos y sitios de producci\u00f3n, tambi\u00e9n abarque los potenciales impactos a nivel territorial y en comunidades cercanas.<\/p>\n","protected":false},"author":1,"featured_media":0,"parent":1323,"menu_order":0,"comment_status":"closed","ping_status":"closed","template":"","meta":{"_acf_changed":false,"inline_featured_image":false,"footnotes":""},"acf":[],"_links":{"self":[{"href":"https:\/\/qa.garage71.cl\/sustainable\/en\/wp-json\/wp\/v2\/pages\/1365"}],"collection":[{"href":"https:\/\/qa.garage71.cl\/sustainable\/en\/wp-json\/wp\/v2\/pages"}],"about":[{"href":"https:\/\/qa.garage71.cl\/sustainable\/en\/wp-json\/wp\/v2\/types\/page"}],"author":[{"embeddable":true,"href":"https:\/\/qa.garage71.cl\/sustainable\/en\/wp-json\/wp\/v2\/users\/1"}],"replies":[{"embeddable":true,"href":"https:\/\/qa.garage71.cl\/sustainable\/en\/wp-json\/wp\/v2\/comments?post=1365"}],"version-history":[{"count":4,"href":"https:\/\/qa.garage71.cl\/sustainable\/en\/wp-json\/wp\/v2\/pages\/1365\/revisions"}],"predecessor-version":[{"id":1507,"href":"https:\/\/qa.garage71.cl\/sustainable\/en\/wp-json\/wp\/v2\/pages\/1365\/revisions\/1507"}],"up":[{"embeddable":true,"href":"https:\/\/qa.garage71.cl\/sustainable\/en\/wp-json\/wp\/v2\/pages\/1323"}],"wp:attachment":[{"href":"https:\/\/qa.garage71.cl\/sustainable\/en\/wp-json\/wp\/v2\/media?parent=1365"}],"curies":[{"name":"wp","href":"https:\/\/api.w.org\/{rel}","templated":true}]}}