{"id":1359,"date":"2024-02-10T16:53:11","date_gmt":"2024-02-10T15:53:11","guid":{"rendered":"https:\/\/qa.garage71.cl\/sustainable\/?page_id=1359"},"modified":"2024-02-15T02:05:05","modified_gmt":"2024-02-15T01:05:05","slug":"consumidores","status":"publish","type":"page","link":"https:\/\/qa.garage71.cl\/sustainable\/en\/nuestros-pilares\/consumidores\/","title":{"rendered":"Consumidores"},"content":{"rendered":"<nav class=\"wp-block-navigation is-layout-flex wp-block-navigation-is-layout-flex\" aria-label=\"Nuestros pilares\"><ul class=\"wp-block-navigation__container  wp-block-navigation\"><li class=\" wp-block-navigation-item wp-block-navigation-link\"><a class=\"wp-block-navigation-item__content\"  href=\"https:\/\/www.sustainable.cl\/nuestros-pilares\/gobernanza\/\"><span class=\"wp-block-navigation-item__label\">Governance<\/span><\/a><\/li><li class=\" wp-block-navigation-item wp-block-navigation-link\"><a class=\"wp-block-navigation-item__content\"  href=\"https:\/\/www.sustainable.cl\/nuestros-pilares\/trabajadores-y-comunidades\/\"><span class=\"wp-block-navigation-item__label\">Workers and Communities<\/span><\/a><\/li><li class=\" wp-block-navigation-item wp-block-navigation-link\"><a class=\"wp-block-navigation-item__content\"  href=\"https:\/\/www.sustainable.cl\/nuestros-pilares\/consumidores\/\"><span class=\"wp-block-navigation-item__label\">Consumers<\/span><\/a><\/li><li class=\" wp-block-navigation-item wp-block-navigation-link\"><a class=\"wp-block-navigation-item__content\"  href=\"https:\/\/www.sustainable.cl\/nuestros-pilares\/biodiversidad\/\"><span class=\"wp-block-navigation-item__label\">Biodiversity<\/span><\/a><\/li><li class=\" wp-block-navigation-item wp-block-navigation-link\"><a class=\"wp-block-navigation-item__content\"  href=\"https:\/\/www.sustainable.cl\/nuestros-pilares\/cambio-climatico\/\"><span class=\"wp-block-navigation-item__label\">Climate Change<\/span><\/a><\/li><li class=\" wp-block-navigation-item wp-block-navigation-link\"><a class=\"wp-block-navigation-item__content\"  href=\"https:\/\/qa.garage71.cl\/sustainable\/nuestros-pilares\/suelo-aire-y-agua-2\/\"><span class=\"wp-block-navigation-item__label\">Soil, Air and Water<\/span><\/a><\/li><\/ul><\/nav>\n\n\n<div class=\"wp-block-columns is-layout-flex wp-container-core-columns-layout-1 wp-block-columns-is-layout-flex\">\n<div class=\"wp-block-column is-layout-flow wp-block-column-is-layout-flow\" style=\"flex-basis:33.33%\">\n<figure class=\"wp-block-image size-full\"><img loading=\"lazy\" decoding=\"async\" width=\"750\" height=\"750\" src=\"https:\/\/qa.garage71.cl\/sustainable\/wp-content\/uploads\/2024\/02\/AN-c8.png\" alt=\"\" class=\"wp-image-1349\" srcset=\"https:\/\/qa.garage71.cl\/sustainable\/wp-content\/uploads\/2024\/02\/AN-c8.png 750w, https:\/\/qa.garage71.cl\/sustainable\/wp-content\/uploads\/2024\/02\/AN-c8-300x300.png 300w, https:\/\/qa.garage71.cl\/sustainable\/wp-content\/uploads\/2024\/02\/AN-c8-150x150.png 150w\" sizes=\"(max-width: 750px) 100vw, 750px\" \/><\/figure>\n<\/div>\n\n\n\n<div class=\"wp-block-column is-layout-flow wp-block-column-is-layout-flow\" style=\"flex-basis:66.66%\">\n<h2 class=\"wp-block-heading\">Consumidores<\/h2>\n\n\n\n<p>Se les debe brindar productos de calidad, seguros para su consumo, pero tambi\u00e9n con sentido, respetando las condiciones ambientales y sociales en toda la cadena de producci\u00f3n. Tambi\u00e9n a los consumidores hay que brindarles informaci\u00f3n y capacitaci\u00f3n para un consumo responsable, que sea compatible con un estilo de vida saludable.<\/p>\n<\/div>\n<\/div>\n","protected":false},"excerpt":{"rendered":"<p>Consumidores Se les debe brindar productos de calidad, seguros para su consumo, pero tambi\u00e9n con sentido, respetando las condiciones ambientales y sociales en toda la cadena de producci\u00f3n. Tambi\u00e9n a los consumidores hay que brindarles informaci\u00f3n y capacitaci\u00f3n para un consumo responsable, que sea compatible con un estilo de vida saludable.<\/p>\n","protected":false},"author":1,"featured_media":0,"parent":1323,"menu_order":0,"comment_status":"closed","ping_status":"closed","template":"","meta":{"_acf_changed":false,"inline_featured_image":false,"footnotes":""},"acf":[],"_links":{"self":[{"href":"https:\/\/qa.garage71.cl\/sustainable\/en\/wp-json\/wp\/v2\/pages\/1359"}],"collection":[{"href":"https:\/\/qa.garage71.cl\/sustainable\/en\/wp-json\/wp\/v2\/pages"}],"about":[{"href":"https:\/\/qa.garage71.cl\/sustainable\/en\/wp-json\/wp\/v2\/types\/page"}],"author":[{"embeddable":true,"href":"https:\/\/qa.garage71.cl\/sustainable\/en\/wp-json\/wp\/v2\/users\/1"}],"replies":[{"embeddable":true,"href":"https:\/\/qa.garage71.cl\/sustainable\/en\/wp-json\/wp\/v2\/comments?post=1359"}],"version-history":[{"count":4,"href":"https:\/\/qa.garage71.cl\/sustainable\/en\/wp-json\/wp\/v2\/pages\/1359\/revisions"}],"predecessor-version":[{"id":1505,"href":"https:\/\/qa.garage71.cl\/sustainable\/en\/wp-json\/wp\/v2\/pages\/1359\/revisions\/1505"}],"up":[{"embeddable":true,"href":"https:\/\/qa.garage71.cl\/sustainable\/en\/wp-json\/wp\/v2\/pages\/1323"}],"wp:attachment":[{"href":"https:\/\/qa.garage71.cl\/sustainable\/en\/wp-json\/wp\/v2\/media?parent=1359"}],"curies":[{"name":"wp","href":"https:\/\/api.w.org\/{rel}","templated":true}]}}